{"id":87,"date":"2024-11-19T19:43:55","date_gmt":"2024-11-19T19:43:55","guid":{"rendered":"https:\/\/audiologica.com.mx\/web\/?page_id=87"},"modified":"2024-11-20T17:30:57","modified_gmt":"2024-11-20T17:30:57","slug":"contacto-2","status":"publish","type":"page","link":"https:\/\/audiologica.com.mx\/web\/contacto-2\/","title":{"rendered":"Contacto"},"content":{"rendered":"\n\n<div class=\"wpcf7 no-js\" id=\"wpcf7-f85-o1\" lang=\"es-ES\" dir=\"ltr\" data-wpcf7-id=\"85\">\n<div class=\"screen-reader-response\"><p role=\"status\" aria-live=\"polite\" aria-atomic=\"true\"><\/p> <ul><\/ul><\/div>\n<form action=\"\/web\/wp-json\/wp\/v2\/pages\/87#wpcf7-f85-o1\" method=\"post\" class=\"wpcf7-form init\" aria-label=\"Formulario de contacto\" novalidate=\"novalidate\" data-status=\"init\">\n<div style=\"display: none;\">\n<input type=\"hidden\" name=\"_wpcf7\" value=\"85\" \/>\n<input type=\"hidden\" name=\"_wpcf7_version\" value=\"6.0\" \/>\n<input type=\"hidden\" name=\"_wpcf7_locale\" value=\"es_ES\" \/>\n<input type=\"hidden\" name=\"_wpcf7_unit_tag\" value=\"wpcf7-f85-o1\" \/>\n<input type=\"hidden\" name=\"_wpcf7_container_post\" value=\"0\" \/>\n<input type=\"hidden\" name=\"_wpcf7_posted_data_hash\" value=\"\" \/>\n<\/div>\n<p><label> Tu nombre<br \/>\n<span class=\"wpcf7-form-control-wrap\" data-name=\"your-name\"><input size=\"40\" maxlength=\"400\" class=\"wpcf7-form-control wpcf7-text wpcf7-validates-as-required\" autocomplete=\"name\" aria-required=\"true\" aria-invalid=\"false\" value=\"\" type=\"text\" name=\"your-name\" \/><\/span> <\/label>\n<\/p>\n<p><label> Tu correo electr\u00f3nico<br \/>\n<span class=\"wpcf7-form-control-wrap\" data-name=\"your-email\"><input size=\"40\" maxlength=\"400\" class=\"wpcf7-form-control wpcf7-email wpcf7-validates-as-required wpcf7-text wpcf7-validates-as-email\" autocomplete=\"email\" aria-required=\"true\" aria-invalid=\"false\" value=\"\" type=\"email\" name=\"your-email\" \/><\/span> <\/label>\n<\/p>\n<p><label> Asunto<br \/>\n<span class=\"wpcf7-form-control-wrap\" data-name=\"your-subject\"><input size=\"40\" maxlength=\"400\" class=\"wpcf7-form-control wpcf7-text wpcf7-validates-as-required\" aria-required=\"true\" aria-invalid=\"false\" value=\"\" type=\"text\" name=\"your-subject\" \/><\/span> <\/label>\n<\/p>\n<p><label> Tu mensaje (opcional)<br \/>\n<span class=\"wpcf7-form-control-wrap\" data-name=\"your-message\"><textarea cols=\"40\" rows=\"10\" maxlength=\"2000\" class=\"wpcf7-form-control wpcf7-textarea\" aria-invalid=\"false\" name=\"your-message\"><\/textarea><\/span> <\/label>\n<\/p>\n<p><input class=\"wpcf7-form-control wpcf7-submit has-spinner\" type=\"submit\" value=\"Enviar\" \/>\n<\/p><div class=\"wpcf7-response-output\" aria-hidden=\"true\"><\/div>\n<\/form>\n<\/div>\n\n\n\n\n<p><strong>Matriz \u00abMiguel Aleman\u00bb<\/strong><\/p>\n\n\n\n<p><strong>Direcci\u00f3n<\/strong><br>Av Miguel Alem\u00e1n 127, Moderno, 91918 Veracruz, Ver.<\/p>\n\n\n\n<p><strong>Tel\u00e9fono:<\/strong><\/p>\n\n\n\n<p>2291650333<\/p>\n\n\n\n<p><strong>Horas<\/strong><br>Lunes a viernes: de 9:00 a 17:00 h.<br>S\u00e1bado y domingo: de 11:00 a 15:00 h.<\/p>\n\n\n\n<p>Como llegar:<\/p>\n\n\n\n<iframe src=\"https:\/\/www.google.com\/maps\/embed?pb=!1m18!1m12!1m3!1d3768.4408408745917!2d-96.13621392414893!3d19.17593838204928!2m3!1f0!2f0!3f0!3m2!1i1024!2i768!4f13.1!3m3!1m2!1s0x85c34424a8496b47%3A0xe9d14cb2829dd615!2sAudiol%C3%B3gica!5e0!3m2!1ses!2smx!4v1723568969095!5m2!1ses!2smx\" width=\"600\" height=\"450\" style=\"border:0;\" allowfullscreen=\"\" loading=\"lazy\" referrerpolicy=\"no-referrer-when-downgrade\"><\/iframe>\n\n\n\n<p><strong>Sucursal \u00abEspa\u00f1a\u00bb<\/strong><\/p>\n\n\n\n<p><strong>Direcci\u00f3n&nbsp;<\/strong><br>Calle Espa\u00f1a 270, poligono 1, Reforma, 91919 Veracruz, Ver.<\/p>\n\n\n\n<p><strong>Tel\u00e9fono:<\/strong><\/p>\n\n\n\n<p>2299356750<\/p>\n\n\n\n<p><strong>Horas<\/strong><br>Lunes a viernes: de 9:00 a 17:00 h.<br>S\u00e1bado y domingo: de 11:00 a 15:00 h.<\/p>\n\n\n\n<p>Como llegar:<\/p>\n\n\n\n<iframe src=\"https:\/\/www.google.com\/maps\/embed?pb=!1m18!1m12!1m3!1d3768.488199585404!2d-96.13263437414899!3d19.173867782050955!2m3!1f0!2f0!3f0!3m2!1i1024!2i768!4f13.1!3m3!1m2!1s0x85c341372c76cd25%3A0x6ef42d0302fdacad!2sAudiol%C3%B3gica%20Sucursal%20Espa%C3%B1a%20270!5e0!3m2!1ses!2smx!4v1723569033584!5m2!1ses!2smx\" width=\"600\" height=\"450\" style=\"border:0;\" allowfullscreen=\"\" loading=\"lazy\" referrerpolicy=\"no-referrer-when-downgrade\"><\/iframe>\n\n\n\n<p><\/p>\n","protected":false},"excerpt":{"rendered":"<p>Matriz \u00abMiguel Aleman\u00bb Direcci\u00f3nAv Miguel Alem\u00e1n 127, Moderno, 91918 Veracruz, Ver. Tel\u00e9fono: 2291650333 HorasLunes a viernes: de 9:00 a 17:00 h.S\u00e1bado y domingo: de 11:00 a 15:00 h. Como llegar: Sucursal \u00abEspa\u00f1a\u00bb Direcci\u00f3n&nbsp;Calle Espa\u00f1a 270, poligono 1, Reforma, 91919 Veracruz, Ver. Tel\u00e9fono: 2299356750 HorasLunes a viernes: de 9:00 a 17:00 h.S\u00e1bado y domingo: de 11:00 &hellip; <\/p>\n<p class=\"link-more\"><a href=\"https:\/\/audiologica.com.mx\/web\/contacto-2\/\" class=\"more-link\">Leer m\u00e1s<span class=\"screen-reader-text\"> \u00abContacto\u00bb<\/span><\/a><\/p>\n","protected":false},"author":1,"featured_media":0,"parent":0,"menu_order":0,"comment_status":"closed","ping_status":"closed","template":"","meta":{"_joinchat":[],"footnotes":""},"class_list":["post-87","page","type-page","status-publish","hentry"],"_links":{"self":[{"href":"https:\/\/audiologica.com.mx\/web\/wp-json\/wp\/v2\/pages\/87","targetHints":{"allow":["GET"]}}],"collection":[{"href":"https:\/\/audiologica.com.mx\/web\/wp-json\/wp\/v2\/pages"}],"about":[{"href":"https:\/\/audiologica.com.mx\/web\/wp-json\/wp\/v2\/types\/page"}],"author":[{"embeddable":true,"href":"https:\/\/audiologica.com.mx\/web\/wp-json\/wp\/v2\/users\/1"}],"replies":[{"embeddable":true,"href":"https:\/\/audiologica.com.mx\/web\/wp-json\/wp\/v2\/comments?post=87"}],"version-history":[{"count":2,"href":"https:\/\/audiologica.com.mx\/web\/wp-json\/wp\/v2\/pages\/87\/revisions"}],"predecessor-version":[{"id":134,"href":"https:\/\/audiologica.com.mx\/web\/wp-json\/wp\/v2\/pages\/87\/revisions\/134"}],"wp:attachment":[{"href":"https:\/\/audiologica.com.mx\/web\/wp-json\/wp\/v2\/media?parent=87"}],"curies":[{"name":"wp","href":"https:\/\/api.w.org\/{rel}","templated":true}]}}