{"id":73,"date":"2024-11-19T19:26:58","date_gmt":"2024-11-19T19:26:58","guid":{"rendered":"https:\/\/audiologica.com.mx\/web\/?page_id=73"},"modified":"2024-11-20T17:44:34","modified_gmt":"2024-11-20T17:44:34","slug":"nosotros","status":"publish","type":"page","link":"https:\/\/audiologica.com.mx\/web\/nosotros\/","title":{"rendered":"Nosotros"},"content":{"rendered":"\n<p><br>Quienes somos.<\/p>\n\n\n\n<p>\u00ab<strong>Transformamos la manera en que escuchas la vida.<br>Con tecnolog\u00eda de vanguardia y un equipo de especialistas dedicados, te ofrecemos soluciones personalizadas para que disfrutes cada conversaci\u00f3n, cada melod\u00eda y cada momento sin perder detalle\u201d.<\/strong><\/p>\n\n\n\n<p><strong>\u00a1Redescubre la belleza del sonido con nosotros!<\/strong><\/p>\n\n\n\n<p><strong>Misi\u00f3n<\/strong><\/p>\n\n\n\n<p>Proporcionar atenci\u00f3n m\u00e9dica de alta calidad a todos los pacientes de forma eficiente, brindando una alternativa justa en medicina de f\u00e1cil acceso, con calidez, humanismo, respeto y \u00e9tica para lograr la satisfacci\u00f3n de los usuarios y permitir su inclusi\u00f3n a las actividades cotidianas: escolar, familiar, social y laboral.<\/p>\n\n\n\n<p><strong>Visi\u00f3n<\/strong><\/p>\n\n\n\n<p>Ser la unidad de atenci\u00f3n m\u00e9dica especializada de mayor prestigio en el estado, reconocida a nivel nacional por ser l\u00edder e innovadora en su campo con alta preparaci\u00f3n y capacidad profesional en su equipo humano, certificado, con sentido human\u00edstico, responsable, competitivo y solidario, y con ello convertirse en una de las mejores opciones de los pacientes en la recuperaci\u00f3n de la salud.<\/p>\n\n\n\n<p><strong>Pol\u00edtica de Calidad<\/strong><\/p>\n\n\n\n<p>En Cl\u00ednica Audiol\u00f3gica se labora con el compromiso de garantizar los m\u00e1s altos est\u00e1ndares de calidad en la atenci\u00f3n y seguridad de los pacientes, a trav\u00e9s de la mejora continua, excelencia m\u00e9dica, ense\u00f1anza e investigaci\u00f3n dentro de un marco \u00e9tico y de bien com\u00fan para lograr la satisfacci\u00f3n total de los pacientes.<\/p>\n\n\n\n<div class=\"wp-block-columns is-layout-flex wp-container-core-columns-is-layout-28f84493 wp-block-columns-is-layout-flex\">\n<div class=\"wp-block-column is-layout-flow wp-block-column-is-layout-flow\">\n<p><strong>Valores<\/strong><\/p>\n\n\n\n<div class=\"wp-block-group is-vertical is-layout-flex wp-container-core-group-is-layout-fe9cc265 wp-block-group-is-layout-flex\">\n<p>Respeto<\/p>\n\n\n\n<p>Responsabilidad<\/p>\n\n\n\n<p>Etica<\/p>\n\n\n\n<p>Puntualidad<\/p>\n\n\n\n<p>Honestidad<\/p>\n\n\n\n<p>Disciplina<\/p>\n\n\n\n<p><\/p>\n<\/div>\n<\/div>\n\n\n\n<div class=\"wp-block-column is-layout-flow wp-block-column-is-layout-flow\">\n<p><\/p>\n\n\n\n<p>Caridad<\/p>\n\n\n\n<p>Compromiso<\/p>\n\n\n\n<p>Trabajo en Equipo<\/p>\n\n\n\n<p>Excelencia<\/p>\n\n\n\n<p>Esp\u00edritu de Servicio<\/p>\n\n\n\n<p>Liderazgo<\/p>\n<\/div>\n<\/div>\n\n\n\n<p><\/p>\n","protected":false},"excerpt":{"rendered":"<p>Quienes somos. \u00abTransformamos la manera en que escuchas la vida.Con tecnolog\u00eda de vanguardia y un equipo de especialistas dedicados, te ofrecemos soluciones personalizadas para que disfrutes cada conversaci\u00f3n, cada melod\u00eda y cada momento sin perder detalle\u201d. \u00a1Redescubre la belleza del sonido con nosotros! Misi\u00f3n Proporcionar atenci\u00f3n m\u00e9dica de alta calidad a todos los pacientes de &hellip; <\/p>\n<p class=\"link-more\"><a href=\"https:\/\/audiologica.com.mx\/web\/nosotros\/\" class=\"more-link\">Leer m\u00e1s<span class=\"screen-reader-text\"> \u00abNosotros\u00bb<\/span><\/a><\/p>\n","protected":false},"author":1,"featured_media":0,"parent":0,"menu_order":0,"comment_status":"closed","ping_status":"closed","template":"","meta":{"_joinchat":[],"footnotes":""},"class_list":["post-73","page","type-page","status-publish","hentry"],"_links":{"self":[{"href":"https:\/\/audiologica.com.mx\/web\/wp-json\/wp\/v2\/pages\/73","targetHints":{"allow":["GET"]}}],"collection":[{"href":"https:\/\/audiologica.com.mx\/web\/wp-json\/wp\/v2\/pages"}],"about":[{"href":"https:\/\/audiologica.com.mx\/web\/wp-json\/wp\/v2\/types\/page"}],"author":[{"embeddable":true,"href":"https:\/\/audiologica.com.mx\/web\/wp-json\/wp\/v2\/users\/1"}],"replies":[{"embeddable":true,"href":"https:\/\/audiologica.com.mx\/web\/wp-json\/wp\/v2\/comments?post=73"}],"version-history":[{"count":2,"href":"https:\/\/audiologica.com.mx\/web\/wp-json\/wp\/v2\/pages\/73\/revisions"}],"predecessor-version":[{"id":139,"href":"https:\/\/audiologica.com.mx\/web\/wp-json\/wp\/v2\/pages\/73\/revisions\/139"}],"wp:attachment":[{"href":"https:\/\/audiologica.com.mx\/web\/wp-json\/wp\/v2\/media?parent=73"}],"curies":[{"name":"wp","href":"https:\/\/api.w.org\/{rel}","templated":true}]}}