{"id":51,"date":"2024-08-13T17:24:57","date_gmt":"2024-08-13T17:24:57","guid":{"rendered":"https:\/\/audiologica.com.mx\/web\/?page_id=51"},"modified":"2024-08-13T17:24:57","modified_gmt":"2024-08-13T17:24:57","slug":"servicios","status":"publish","type":"page","link":"https:\/\/audiologica.com.mx\/web\/servicios\/","title":{"rendered":"Servicios"},"content":{"rendered":"\n<p><strong>Tamiz Auditivo<\/strong><\/p>\n\n\n\n<p>El 25% de los casos de p\u00e9rdida auditiva en ni\u00f1os se debe a infecciones maternas producidas durante el embarazo.<\/p>\n\n\n\n<p>Realiza el Tamiz Auditivo a tu beb\u00e9. Es sencillo, sin dolor y el reporte es inmediato.<\/p>\n\n\n\n<p><\/p>\n","protected":false},"excerpt":{"rendered":"<p>Tamiz Auditivo El 25% de los casos de p\u00e9rdida auditiva en ni\u00f1os se debe a infecciones maternas producidas durante el embarazo. Realiza el Tamiz Auditivo a tu beb\u00e9. Es sencillo, sin dolor y el reporte es inmediato.<\/p>\n","protected":false},"author":1,"featured_media":52,"parent":0,"menu_order":0,"comment_status":"closed","ping_status":"closed","template":"","meta":{"_joinchat":[],"footnotes":""},"class_list":["post-51","page","type-page","status-publish","has-post-thumbnail","hentry"],"_links":{"self":[{"href":"https:\/\/audiologica.com.mx\/web\/wp-json\/wp\/v2\/pages\/51","targetHints":{"allow":["GET"]}}],"collection":[{"href":"https:\/\/audiologica.com.mx\/web\/wp-json\/wp\/v2\/pages"}],"about":[{"href":"https:\/\/audiologica.com.mx\/web\/wp-json\/wp\/v2\/types\/page"}],"author":[{"embeddable":true,"href":"https:\/\/audiologica.com.mx\/web\/wp-json\/wp\/v2\/users\/1"}],"replies":[{"embeddable":true,"href":"https:\/\/audiologica.com.mx\/web\/wp-json\/wp\/v2\/comments?post=51"}],"version-history":[{"count":1,"href":"https:\/\/audiologica.com.mx\/web\/wp-json\/wp\/v2\/pages\/51\/revisions"}],"predecessor-version":[{"id":53,"href":"https:\/\/audiologica.com.mx\/web\/wp-json\/wp\/v2\/pages\/51\/revisions\/53"}],"wp:featuredmedia":[{"embeddable":true,"href":"https:\/\/audiologica.com.mx\/web\/wp-json\/wp\/v2\/media\/52"}],"wp:attachment":[{"href":"https:\/\/audiologica.com.mx\/web\/wp-json\/wp\/v2\/media?parent=51"}],"curies":[{"name":"wp","href":"https:\/\/api.w.org\/{rel}","templated":true}]}}