{"id":124,"date":"2024-11-20T17:21:17","date_gmt":"2024-11-20T17:21:17","guid":{"rendered":"https:\/\/audiologica.com.mx\/web\/?page_id=124"},"modified":"2024-11-23T18:11:04","modified_gmt":"2024-11-23T18:11:04","slug":"sucursal-espana","status":"publish","type":"page","link":"https:\/\/audiologica.com.mx\/web\/sucursal-espana\/","title":{"rendered":"Sucursal Espa\u00f1a"},"content":{"rendered":"\n<p><strong>Direcci\u00f3n&nbsp;<\/strong><br>Calle Espa\u00f1a 270, poligono 1, Reforma, 91919 Veracruz, Ver.<\/p>\n\n\n\n<p><strong>Tel\u00e9fono:<\/strong><\/p>\n\n\n\n<p>2299356750<\/p>\n\n\n\n<p><strong>Horas<\/strong><br>Lunes a viernes: de 9:00 a 17:00 h.<br>S\u00e1bado y domingo: de 11:00 a 15:00 h.<\/p>\n\n\n\n<p>Como llegar:<\/p>\n\n\n\n<iframe src=\"https:\/\/www.google.com\/maps\/embed?pb=!1m18!1m12!1m3!1d3768.488199585404!2d-96.13263437414899!3d19.173867782050955!2m3!1f0!2f0!3f0!3m2!1i1024!2i768!4f13.1!3m3!1m2!1s0x85c341372c76cd25%3A0x6ef42d0302fdacad!2sAudiol%C3%B3gica%20Sucursal%20Espa%C3%B1a%20270!5e0!3m2!1ses!2smx!4v1723569033584!5m2!1ses!2smx\" width=\"600\" height=\"450\" style=\"border:0;\" allowfullscreen=\"\" loading=\"lazy\" referrerpolicy=\"no-referrer-when-downgrade\"><\/iframe>\n","protected":false},"excerpt":{"rendered":"<p>Direcci\u00f3n&nbsp;Calle Espa\u00f1a 270, poligono 1, Reforma, 91919 Veracruz, Ver. Tel\u00e9fono: 2299356750 HorasLunes a viernes: de 9:00 a 17:00 h.S\u00e1bado y domingo: de 11:00 a 15:00 h. Como llegar:<\/p>\n","protected":false},"author":1,"featured_media":179,"parent":0,"menu_order":0,"comment_status":"closed","ping_status":"closed","template":"","meta":{"_joinchat":[],"footnotes":""},"class_list":["post-124","page","type-page","status-publish","has-post-thumbnail","hentry"],"_links":{"self":[{"href":"https:\/\/audiologica.com.mx\/web\/wp-json\/wp\/v2\/pages\/124","targetHints":{"allow":["GET"]}}],"collection":[{"href":"https:\/\/audiologica.com.mx\/web\/wp-json\/wp\/v2\/pages"}],"about":[{"href":"https:\/\/audiologica.com.mx\/web\/wp-json\/wp\/v2\/types\/page"}],"author":[{"embeddable":true,"href":"https:\/\/audiologica.com.mx\/web\/wp-json\/wp\/v2\/users\/1"}],"replies":[{"embeddable":true,"href":"https:\/\/audiologica.com.mx\/web\/wp-json\/wp\/v2\/comments?post=124"}],"version-history":[{"count":2,"href":"https:\/\/audiologica.com.mx\/web\/wp-json\/wp\/v2\/pages\/124\/revisions"}],"predecessor-version":[{"id":132,"href":"https:\/\/audiologica.com.mx\/web\/wp-json\/wp\/v2\/pages\/124\/revisions\/132"}],"wp:featuredmedia":[{"embeddable":true,"href":"https:\/\/audiologica.com.mx\/web\/wp-json\/wp\/v2\/media\/179"}],"wp:attachment":[{"href":"https:\/\/audiologica.com.mx\/web\/wp-json\/wp\/v2\/media?parent=124"}],"curies":[{"name":"wp","href":"https:\/\/api.w.org\/{rel}","templated":true}]}}