{"id":122,"date":"2024-11-20T17:20:45","date_gmt":"2024-11-20T17:20:45","guid":{"rendered":"https:\/\/audiologica.com.mx\/web\/?page_id=122"},"modified":"2024-11-23T18:10:19","modified_gmt":"2024-11-23T18:10:19","slug":"matriz-miguel-aleman","status":"publish","type":"page","link":"https:\/\/audiologica.com.mx\/web\/matriz-miguel-aleman\/","title":{"rendered":"Matriz Miguel Alem\u00e1n"},"content":{"rendered":"\n<p><strong>Direcci\u00f3n<\/strong><br>Av Miguel Alem\u00e1n 127, Moderno, 91918 Veracruz, Ver.<\/p>\n\n\n\n<p><strong>Tel\u00e9fono:<\/strong><\/p>\n\n\n\n<p>2291650333<\/p>\n\n\n\n<p><strong>Horas<\/strong><br>Lunes a viernes: de 9:00 a 17:00 h.<br>S\u00e1bado y domingo: de 11:00 a 15:00 h.<\/p>\n\n\n\n<p>Como llegar:<\/p>\n\n\n\n<iframe src=\"https:\/\/www.google.com\/maps\/embed?pb=!1m18!1m12!1m3!1d3768.4408408745917!2d-96.13621392414893!3d19.17593838204928!2m3!1f0!2f0!3f0!3m2!1i1024!2i768!4f13.1!3m3!1m2!1s0x85c34424a8496b47%3A0xe9d14cb2829dd615!2sAudiol%C3%B3gica!5e0!3m2!1ses!2smx!4v1723568969095!5m2!1ses!2smx\" width=\"600\" height=\"450\" style=\"border:0;\" allowfullscreen=\"\" loading=\"lazy\" referrerpolicy=\"no-referrer-when-downgrade\"><\/iframe>\n","protected":false},"excerpt":{"rendered":"<p>Direcci\u00f3nAv Miguel Alem\u00e1n 127, Moderno, 91918 Veracruz, Ver. Tel\u00e9fono: 2291650333 HorasLunes a viernes: de 9:00 a 17:00 h.S\u00e1bado y domingo: de 11:00 a 15:00 h. Como llegar:<\/p>\n","protected":false},"author":1,"featured_media":178,"parent":0,"menu_order":0,"comment_status":"closed","ping_status":"closed","template":"","meta":{"_joinchat":[],"footnotes":""},"class_list":["post-122","page","type-page","status-publish","has-post-thumbnail","hentry"],"_links":{"self":[{"href":"https:\/\/audiologica.com.mx\/web\/wp-json\/wp\/v2\/pages\/122","targetHints":{"allow":["GET"]}}],"collection":[{"href":"https:\/\/audiologica.com.mx\/web\/wp-json\/wp\/v2\/pages"}],"about":[{"href":"https:\/\/audiologica.com.mx\/web\/wp-json\/wp\/v2\/types\/page"}],"author":[{"embeddable":true,"href":"https:\/\/audiologica.com.mx\/web\/wp-json\/wp\/v2\/users\/1"}],"replies":[{"embeddable":true,"href":"https:\/\/audiologica.com.mx\/web\/wp-json\/wp\/v2\/comments?post=122"}],"version-history":[{"count":2,"href":"https:\/\/audiologica.com.mx\/web\/wp-json\/wp\/v2\/pages\/122\/revisions"}],"predecessor-version":[{"id":131,"href":"https:\/\/audiologica.com.mx\/web\/wp-json\/wp\/v2\/pages\/122\/revisions\/131"}],"wp:featuredmedia":[{"embeddable":true,"href":"https:\/\/audiologica.com.mx\/web\/wp-json\/wp\/v2\/media\/178"}],"wp:attachment":[{"href":"https:\/\/audiologica.com.mx\/web\/wp-json\/wp\/v2\/media?parent=122"}],"curies":[{"name":"wp","href":"https:\/\/api.w.org\/{rel}","templated":true}]}}